{"id":25,"date":"2016-10-18T07:20:47","date_gmt":"2016-10-18T05:20:47","guid":{"rendered":"https:\/\/chandrani.ch\/?page_id=25"},"modified":"2024-12-17T10:22:59","modified_gmt":"2024-12-17T09:22:59","slug":"privatstunden","status":"publish","type":"page","link":"https:\/\/chandrani.ch\/?page_id=25","title":{"rendered":"Workshops und Angebote"},"content":{"rendered":"<table style=\"height: 31px;\" width=\"699\">\n<tbody>\n<tr>\n<td>\n<h3><span style=\"color: #999999;\">\u00b0\u00b0\u00b0\u00b0\u00b0\u00b0\u00b0\u00b0\u00b0\u00b0\u00b0\u00b0\u00b0\u00b0\u00b0\u00b0\u00b0\u00b0\u00b0<\/span><\/h3>\n<table style=\"height: 138px;\" width=\"638\">\n<tbody>\n<tr>\n<td>die mama baby kurse werden neu von rahel barnetta angeboten<br \/>\n079 465 45 07<\/p>\n<p>www.achtsames-lernsofa.ch<\/td>\n<td><\/td>\n<\/tr>\n<tr>\n<td><img loading=\"lazy\" class=\"alignnone size-medium wp-image-601\" src=\"https:\/\/chandrani.ch\/wp-content\/uploads\/2024\/09\/IMG_6006-248x300.jpg\" alt=\"\" width=\"248\" height=\"300\" srcset=\"https:\/\/chandrani.ch\/wp-content\/uploads\/2024\/09\/IMG_6006-248x300.jpg 248w, https:\/\/chandrani.ch\/wp-content\/uploads\/2024\/09\/IMG_6006-848x1024.jpg 848w, https:\/\/chandrani.ch\/wp-content\/uploads\/2024\/09\/IMG_6006-768x927.jpg 768w, https:\/\/chandrani.ch\/wp-content\/uploads\/2024\/09\/IMG_6006-1272x1536.jpg 1272w, https:\/\/chandrani.ch\/wp-content\/uploads\/2024\/09\/IMG_6006-1696x2048.jpg 1696w, https:\/\/chandrani.ch\/wp-content\/uploads\/2024\/09\/IMG_6006.jpg 1745w\" sizes=\"(max-width: 248px) 100vw, 248px\" \/><\/td>\n<td><\/td>\n<\/tr>\n<tr>\n<td><\/td>\n<td><\/td>\n<\/tr>\n<\/tbody>\n<\/table>\n<h3><span style=\"color: #999999;\">\u00b0\u00b0\u00b0\u00b0\u00b0\u00b0\u00b0\u00b0\u00b0\u00b0\u00b0\u00b0\u00b0\u00b0\u00b0\u00b0\u00b0\u00b0\u00b0\u00b0<\/span><\/h3>\n<\/td>\n<\/tr>\n<tr>\n<td>\n<h3><\/h3>\n<h3><span style=\"color: #993366;\">privatlektionen<\/span><\/h3>\n<p>einzelunterichtstunden sind f\u00fcr diejenigen die gerne zuhause \u00fcben m\u00f6chten. auf wunsch stelle ich ein individuelles \u00fcbungsprogramm zusammen, z.b. f\u00fcr mehr beweglichkeit, zur st\u00e4rkung des r\u00fcckens, zur entspannung der schultern&#8230;<\/p>\n<p>die privatlektionen finden in der region rehetobel, trogen oder st.gallen statt.<\/p>\n<p>Kosten: 60 minuten 100 fr f\u00fcr eine person, 150 fr f\u00fcr zwei personen<\/td>\n<\/tr>\n<tr>\n<td><\/td>\n<\/tr>\n<\/tbody>\n<\/table>\n<table width=\"700\">\n<tbody>\n<tr>\n<td>\n<h3><span style=\"color: #999999;\">\u00b0\u00b0\u00b0\u00b0\u00b0\u00b0\u00b0\u00b0\u00b0\u00b0\u00b0\u00b0\u00b0\u00b0\u00b0\u00b0\u00b0\u00b0\u00b0\u00b0<\/span><\/h3>\n<h3><span style=\"color: #993366;\">kunstkarten<\/span><\/h3>\n<p>ich liebe blumen und fotografiere sie in all ihren formen und facetten um so ihre sch\u00f6nheit hervorzuheben. die\u00a0karten sind\u00a0 auf 100% nat\u00fcr recycling fsc\u00a0papier 350 g matt gedruckt.<\/p>\n<p>die kunstkarten k\u00f6nnen einzel nach wunsch zusammengestellt werden oder sind im set erh\u00e4ltlich. eine karte kostet 2 fr,\u00a0ein set \u00e0 12 karten fr 20 plus porto nach aufwand.<\/p>\n<p>schreibt mir einfach eure w\u00fcnsche an <a href=\"mailto:info@chandrani.ch\">info@chandrani.ch<\/a><\/p>\n<p>\r\n\t<div class=\"slideshow_container slideshow_container_style-light\" style=\"height: 350px; \" data-slideshow-id=\"198\" data-style-name=\"style-light\" data-style-version=\"2.3.1\" >\r\n\r\n\t\t\t\t\t<div class=\"slideshow_loading_icon\"><\/div>\r\n\t\t\r\n\t\t<div class=\"slideshow_content\" style=\"display: none;\">\r\n\r\n\t\t\t<div class=\"slideshow_view\">\r\n\t\t\t\t<div class=\"slideshow_slide slideshow_slide_image\">\r\n\t\t\t\t\t\t\t\t\t\t\t<img src=\"https:\/\/chandrani.ch\/wp-content\/uploads\/2017\/01\/orchidee.jpg\" alt=\"Orchidee\" width=\"2500\" height=\"1660\" \/>\r\n\t\t\t\t\t\t\t\t\t\t<div class=\"slideshow_description_box slideshow_transparent\">\r\n\t\t\t\t\t\t<div class=\"slideshow_title\">Orchidee<\/div>\t\t\t\t\t\t\t\t\t\t\t<\/div>\r\n\t\t\t\t<\/div>\r\n\r\n\t\t\t\t\t\t<div style=\"clear: both;\"><\/div><\/div><div class=\"slideshow_view\">\r\n\t\t\t\t<div class=\"slideshow_slide slideshow_slide_image\">\r\n\t\t\t\t\t\t\t\t\t\t\t<img src=\"https:\/\/chandrani.ch\/wp-content\/uploads\/2016\/10\/kamille-2.jpg\" alt=\"Kamille\" width=\"2000\" height=\"1328\" \/>\r\n\t\t\t\t\t\t\t\t\t\t<div class=\"slideshow_description_box slideshow_transparent\">\r\n\t\t\t\t\t\t<div class=\"slideshow_title\">Kamille<\/div>\t\t\t\t\t\t\t\t\t\t\t<\/div>\r\n\t\t\t\t<\/div>\r\n\r\n\t\t\t\t\t\t<div style=\"clear: both;\"><\/div><\/div><div class=\"slideshow_view\">\r\n\t\t\t\t<div class=\"slideshow_slide slideshow_slide_image\">\r\n\t\t\t\t\t\t\t\t\t\t\t<img src=\"https:\/\/chandrani.ch\/wp-content\/uploads\/2016\/10\/anemone.jpg\" alt=\"Anemone\" width=\"2500\" height=\"1660\" \/>\r\n\t\t\t\t\t\t\t\t\t\t<div class=\"slideshow_description_box slideshow_transparent\">\r\n\t\t\t\t\t\t<div class=\"slideshow_title\">Anemone<\/div>\t\t\t\t\t\t\t\t\t\t\t<\/div>\r\n\t\t\t\t<\/div>\r\n\r\n\t\t\t\t\t\t<div style=\"clear: both;\"><\/div><\/div><div class=\"slideshow_view\">\r\n\t\t\t\t<div class=\"slideshow_slide slideshow_slide_image\">\r\n\t\t\t\t\t\t\t\t\t\t\t<img src=\"https:\/\/chandrani.ch\/wp-content\/uploads\/2016\/10\/indien.jpg\" alt=\"Indien\" width=\"2500\" height=\"1660\" \/>\r\n\t\t\t\t\t\t\t\t\t\t<div class=\"slideshow_description_box slideshow_transparent\">\r\n\t\t\t\t\t\t<div class=\"slideshow_title\">Indien<\/div>\t\t\t\t\t\t\t\t\t\t\t<\/div>\r\n\t\t\t\t<\/div>\r\n\r\n\t\t\t\t\t\t<div style=\"clear: both;\"><\/div><\/div><div class=\"slideshow_view\">\r\n\t\t\t\t<div class=\"slideshow_slide slideshow_slide_image\">\r\n\t\t\t\t\t\t\t\t\t\t\t<img src=\"https:\/\/chandrani.ch\/wp-content\/uploads\/2016\/10\/lavendel.jpg\" alt=\"Lavendel\" width=\"2500\" height=\"1660\" \/>\r\n\t\t\t\t\t\t\t\t\t\t<div class=\"slideshow_description_box slideshow_transparent\">\r\n\t\t\t\t\t\t<div class=\"slideshow_title\">Lavendel<\/div>\t\t\t\t\t\t\t\t\t\t\t<\/div>\r\n\t\t\t\t<\/div>\r\n\r\n\t\t\t\t\t\t<div style=\"clear: both;\"><\/div><\/div><div class=\"slideshow_view\">\r\n\t\t\t\t<div class=\"slideshow_slide slideshow_slide_image\">\r\n\t\t\t\t\t\t\t\t\t\t\t<img src=\"https:\/\/chandrani.ch\/wp-content\/uploads\/2016\/10\/rose.jpg\" alt=\"Rose\" width=\"2500\" height=\"1660\" \/>\r\n\t\t\t\t\t\t\t\t\t\t<div class=\"slideshow_description_box slideshow_transparent\">\r\n\t\t\t\t\t\t<div class=\"slideshow_title\">Rose<\/div>\t\t\t\t\t\t\t\t\t\t\t<\/div>\r\n\t\t\t\t<\/div>\r\n\r\n\t\t\t\t\t\t<div style=\"clear: both;\"><\/div><\/div><div class=\"slideshow_view\">\r\n\t\t\t\t<div class=\"slideshow_slide slideshow_slide_image\">\r\n\t\t\t\t\t\t\t\t\t\t\t<img src=\"https:\/\/chandrani.ch\/wp-content\/uploads\/2016\/10\/frauenherz.jpg\" alt=\"Frauenherz\" width=\"2500\" height=\"1660\" \/>\r\n\t\t\t\t\t\t\t\t\t\t<div class=\"slideshow_description_box slideshow_transparent\">\r\n\t\t\t\t\t\t<div class=\"slideshow_title\">Frauenherz<\/div>\t\t\t\t\t\t\t\t\t\t\t<\/div>\r\n\t\t\t\t<\/div>\r\n\r\n\t\t\t\t\t\t<div style=\"clear: both;\"><\/div><\/div><div class=\"slideshow_view\">\r\n\t\t\t\t<div class=\"slideshow_slide slideshow_slide_image\">\r\n\t\t\t\t\t\t\t\t\t\t\t<img src=\"https:\/\/chandrani.ch\/wp-content\/uploads\/2016\/10\/borretsch.jpg\" alt=\"Borretsch\" width=\"2500\" height=\"1660\" \/>\r\n\t\t\t\t\t\t\t\t\t\t<div class=\"slideshow_description_box slideshow_transparent\">\r\n\t\t\t\t\t\t<div class=\"slideshow_title\">Borretsch<\/div>\t\t\t\t\t\t\t\t\t\t\t<\/div>\r\n\t\t\t\t<\/div>\r\n\r\n\t\t\t\t\t\t<div style=\"clear: both;\"><\/div><\/div><div class=\"slideshow_view\">\r\n\t\t\t\t<div class=\"slideshow_slide slideshow_slide_image\">\r\n\t\t\t\t\t\t\t\t\t\t\t<img src=\"https:\/\/chandrani.ch\/wp-content\/uploads\/2016\/10\/chrysantheme.jpg\" alt=\"Chrysantheme\" width=\"2500\" height=\"1660\" \/>\r\n\t\t\t\t\t\t\t\t\t\t<div class=\"slideshow_description_box slideshow_transparent\">\r\n\t\t\t\t\t\t<div class=\"slideshow_title\">Chrysantheme<\/div>\t\t\t\t\t\t\t\t\t\t\t<\/div>\r\n\t\t\t\t<\/div>\r\n\r\n\t\t\t\t\t\t<div style=\"clear: both;\"><\/div><\/div><div class=\"slideshow_view\">\r\n\t\t\t\t<div class=\"slideshow_slide slideshow_slide_image\">\r\n\t\t\t\t\t\t\t\t\t\t\t<img src=\"https:\/\/chandrani.ch\/wp-content\/uploads\/2016\/10\/kamille.jpg\" alt=\"Kamille\" width=\"2000\" height=\"1329\" \/>\r\n\t\t\t\t\t\t\t\t\t\t<div class=\"slideshow_description_box slideshow_transparent\">\r\n\t\t\t\t\t\t<div class=\"slideshow_title\">Kamille<\/div>\t\t\t\t\t\t\t\t\t\t\t<\/div>\r\n\t\t\t\t<\/div>\r\n\r\n\t\t\t\t\t\t<div style=\"clear: both;\"><\/div><\/div><div class=\"slideshow_view\">\r\n\t\t\t\t<div class=\"slideshow_slide slideshow_slide_image\">\r\n\t\t\t\t\t\t\t\t\t\t\t<img src=\"https:\/\/chandrani.ch\/wp-content\/uploads\/2016\/10\/kugeldistel-.jpg\" alt=\"Kugeldistel\" width=\"2000\" height=\"1328\" \/>\r\n\t\t\t\t\t\t\t\t\t\t<div class=\"slideshow_description_box slideshow_transparent\">\r\n\t\t\t\t\t\t<div class=\"slideshow_title\">Kugeldistel<\/div>\t\t\t\t\t\t\t\t\t\t\t<\/div>\r\n\t\t\t\t<\/div>\r\n\r\n\t\t\t\t\t\t<div style=\"clear: both;\"><\/div><\/div><div class=\"slideshow_view\">\r\n\t\t\t\t<div class=\"slideshow_slide slideshow_slide_image\">\r\n\t\t\t\t\t\t\t\t\t\t\t<img src=\"https:\/\/chandrani.ch\/wp-content\/uploads\/2016\/10\/haferwurzel.jpg\" alt=\"Haferwurzel\" width=\"2000\" height=\"1328\" \/>\r\n\t\t\t\t\t\t\t\t\t\t<div class=\"slideshow_description_box slideshow_transparent\">\r\n\t\t\t\t\t\t<div class=\"slideshow_title\">Haferwurzel<\/div>\t\t\t\t\t\t\t\t\t\t\t<\/div>\r\n\t\t\t\t<\/div>\r\n\r\n\t\t\t\t\t\t<div style=\"clear: both;\"><\/div><\/div>\r\n\t\t<\/div>\r\n\r\n\t\t<div class=\"slideshow_controlPanel slideshow_transparent\" style=\"display: none;\"><ul><li class=\"slideshow_togglePlay\" data-play-text=\"Abspielen\" data-pause-text=\"Pause\"><\/li><\/ul><\/div>\r\n\r\n\t\t<div class=\"slideshow_button slideshow_previous slideshow_transparent\" role=\"button\" data-previous-text=\"Zur\u00fcck\" style=\"display: none;\"><\/div>\r\n\t\t<div class=\"slideshow_button slideshow_next slideshow_transparent\" role=\"button\" data-next-text=\"N\u00e4chstes\" style=\"display: none;\"><\/div>\r\n\r\n\t\t<div class=\"slideshow_pagination\" style=\"display: none;\" data-go-to-text=\"Gehe zum Bild\"><div class=\"slideshow_pagination_center\"><\/div><\/div>\r\n\r\n\t\t<!-- WordPress Slideshow Version 2.3.1 -->\r\n\r\n\t\t\t<\/div>\r\n\r\n<\/td>\n<\/tr>\n<tr>\n<td>\n<h3><span style=\"color: #999999;\">\u00b0\u00b0\u00b0\u00b0\u00b0\u00b0\u00b0\u00b0\u00b0\u00b0\u00b0\u00b0\u00b0\u00b0\u00b0\u00b0\u00b0\u00b0\u00b0\u00b0<\/span><\/h3>\n<h3><span style=\"color: #993366;\">augenentspannungskissen<\/span><\/h3>\n<p>f\u00fcr meine yoga teilnehmer habe ich augenkissen f\u00fcr die schlussentspannung gen\u00e4ht. die kissen sind mit einer mischung aus bio leinsamen und handgepfl\u00fccktem lavendel gef\u00fcllt und so beliebt, dass ich das sortiment erweitert habe. die augenkissen helfen reiz\u00fcberflutete augen zu beruhigen &#8230; durch das einatmen des lavendels und den druck der leinsamen k\u00f6nnen\u00a0sich die augen und das nervensystem beruhigen. die selbstgen\u00e4hten augenkissen sind ca. 10 cm breit, 20 cm lang und ca. 180 bis 200 g schwer.\u00a0die kissen\u00a0sind entweder aus st. galler spitzenstoff, baumwolle, seide oder leinen verziert mit st. galler spitzen.<\/p>\n<p>ein handmade with love augenkissen kostet fr 20 plus porto nach aufwand.<\/p>\n<p>bei interesse schicke ich gerne weitere bilder. es sind alles unikate.<\/p>\n<p>\r\n\t<div class=\"slideshow_container slideshow_container_style-light\" style=\"height: 350px; \" data-slideshow-id=\"201\" data-style-name=\"style-light\" data-style-version=\"2.3.1\" >\r\n\r\n\t\t\t\t\t<div class=\"slideshow_loading_icon\"><\/div>\r\n\t\t\r\n\t\t<div class=\"slideshow_content\" style=\"display: none;\">\r\n\r\n\t\t\t<div class=\"slideshow_view\">\t<div style=\"clear: both;\"><\/div><\/div><div class=\"slideshow_view\">\r\n\t\t\t\t<div class=\"slideshow_slide slideshow_slide_image\">\r\n\t\t\t\t\t\t\t\t\t\t\t<img src=\"https:\/\/chandrani.ch\/wp-content\/uploads\/2016\/10\/IMG_1318.jpg\" alt=\"img_1318\" width=\"2448\" height=\"2448\" \/>\r\n\t\t\t\t\t\t\t\t\t\t<div class=\"slideshow_description_box slideshow_transparent\">\r\n\t\t\t\t\t\t<div class=\"slideshow_title\">img_1318<\/div>\t\t\t\t\t\t\t\t\t\t\t<\/div>\r\n\t\t\t\t<\/div>\r\n\r\n\t\t\t\t\t\t<div style=\"clear: both;\"><\/div><\/div><div class=\"slideshow_view\">\r\n\t\t\t\t<div class=\"slideshow_slide slideshow_slide_image\">\r\n\t\t\t\t\t\t\t\t\t\t\t<img src=\"https:\/\/chandrani.ch\/wp-content\/uploads\/2016\/10\/IMG_1316-1.jpg\" alt=\"img_1316\" width=\"709\" height=\"709\" \/>\r\n\t\t\t\t\t\t\t\t\t\t<div class=\"slideshow_description_box slideshow_transparent\">\r\n\t\t\t\t\t\t<div class=\"slideshow_title\">img_1316<\/div>\t\t\t\t\t\t\t\t\t\t\t<\/div>\r\n\t\t\t\t<\/div>\r\n\r\n\t\t\t\t\t\t<div style=\"clear: both;\"><\/div><\/div><div class=\"slideshow_view\">\r\n\t\t\t\t<div class=\"slideshow_slide slideshow_slide_image\">\r\n\t\t\t\t\t\t\t\t\t\t\t<img src=\"https:\/\/chandrani.ch\/wp-content\/uploads\/2016\/10\/IMG_1320-1.jpg\" alt=\"img_1320\" width=\"709\" height=\"709\" \/>\r\n\t\t\t\t\t\t\t\t\t\t<div class=\"slideshow_description_box slideshow_transparent\">\r\n\t\t\t\t\t\t<div class=\"slideshow_title\">img_1320<\/div>\t\t\t\t\t\t\t\t\t\t\t<\/div>\r\n\t\t\t\t<\/div>\r\n\r\n\t\t\t\t\t\t<div style=\"clear: both;\"><\/div><\/div><div class=\"slideshow_view\">\r\n\t\t\t\t<div class=\"slideshow_slide slideshow_slide_image\">\r\n\t\t\t\t\t\t\t\t\t\t\t<img src=\"https:\/\/chandrani.ch\/wp-content\/uploads\/2016\/10\/IMG_1809-1.jpg\" alt=\"img_1809\" width=\"709\" height=\"531\" \/>\r\n\t\t\t\t\t\t\t\t\t\t<div class=\"slideshow_description_box slideshow_transparent\">\r\n\t\t\t\t\t\t<div class=\"slideshow_title\">img_1809<\/div>\t\t\t\t\t\t\t\t\t\t\t<\/div>\r\n\t\t\t\t<\/div>\r\n\r\n\t\t\t\t\t\t<div style=\"clear: both;\"><\/div><\/div><div class=\"slideshow_view\">\r\n\t\t\t\t<div class=\"slideshow_slide slideshow_slide_image\">\r\n\t\t\t\t\t\t\t\t\t\t\t<img src=\"https:\/\/chandrani.ch\/wp-content\/uploads\/2016\/10\/IMG_1323-1.jpg\" alt=\"img_1323\" width=\"709\" height=\"709\" \/>\r\n\t\t\t\t\t\t\t\t\t\t<div class=\"slideshow_description_box slideshow_transparent\">\r\n\t\t\t\t\t\t<div class=\"slideshow_title\">img_1323<\/div>\t\t\t\t\t\t\t\t\t\t\t<\/div>\r\n\t\t\t\t<\/div>\r\n\r\n\t\t\t\t\t\t<div style=\"clear: both;\"><\/div><\/div><div class=\"slideshow_view\">\r\n\t\t\t\t<div class=\"slideshow_slide slideshow_slide_image\">\r\n\t\t\t\t\t\t\t\t\t\t\t<img src=\"https:\/\/chandrani.ch\/wp-content\/uploads\/2016\/10\/IMG_1807-1.jpg\" alt=\"img_1807\" width=\"709\" height=\"531\" \/>\r\n\t\t\t\t\t\t\t\t\t\t<div class=\"slideshow_description_box slideshow_transparent\">\r\n\t\t\t\t\t\t<div class=\"slideshow_title\">img_1807<\/div>\t\t\t\t\t\t\t\t\t\t\t<\/div>\r\n\t\t\t\t<\/div>\r\n\r\n\t\t\t\t\t\t<div style=\"clear: both;\"><\/div><\/div><div class=\"slideshow_view\">\r\n\t\t\t\t<div class=\"slideshow_slide slideshow_slide_image\">\r\n\t\t\t\t\t\t\t\t\t\t\t<img src=\"https:\/\/chandrani.ch\/wp-content\/uploads\/2016\/10\/IMG_1787-1.jpg\" alt=\"img_1787\" width=\"709\" height=\"531\" \/>\r\n\t\t\t\t\t\t\t\t\t\t<div class=\"slideshow_description_box slideshow_transparent\">\r\n\t\t\t\t\t\t<div class=\"slideshow_title\">img_1787<\/div>\t\t\t\t\t\t\t\t\t\t\t<\/div>\r\n\t\t\t\t<\/div>\r\n\r\n\t\t\t\t\t\t<div style=\"clear: both;\"><\/div><\/div><div class=\"slideshow_view\">\r\n\t\t\t\t<div class=\"slideshow_slide slideshow_slide_image\">\r\n\t\t\t\t\t\t\t\t\t\t\t<img src=\"https:\/\/chandrani.ch\/wp-content\/uploads\/2016\/10\/IMG_1800-1.jpg\" alt=\"img_1800\" width=\"709\" height=\"531\" \/>\r\n\t\t\t\t\t\t\t\t\t\t<div class=\"slideshow_description_box slideshow_transparent\">\r\n\t\t\t\t\t\t<div class=\"slideshow_title\">img_1800<\/div>\t\t\t\t\t\t\t\t\t\t\t<\/div>\r\n\t\t\t\t<\/div>\r\n\r\n\t\t\t\t\t\t<div style=\"clear: both;\"><\/div><\/div><div class=\"slideshow_view\">\r\n\t\t\t\t<div class=\"slideshow_slide slideshow_slide_image\">\r\n\t\t\t\t\t\t\t\t\t\t\t<img src=\"https:\/\/chandrani.ch\/wp-content\/uploads\/2016\/10\/IMG_1801-1.jpg\" alt=\"img_1801\" width=\"709\" height=\"531\" \/>\r\n\t\t\t\t\t\t\t\t\t\t<div class=\"slideshow_description_box slideshow_transparent\">\r\n\t\t\t\t\t\t<div class=\"slideshow_title\">img_1801<\/div>\t\t\t\t\t\t\t\t\t\t\t<\/div>\r\n\t\t\t\t<\/div>\r\n\r\n\t\t\t\t\t\t<div style=\"clear: both;\"><\/div><\/div><div class=\"slideshow_view\">\r\n\t\t\t\t<div class=\"slideshow_slide slideshow_slide_image\">\r\n\t\t\t\t\t\t\t\t\t\t\t<img src=\"https:\/\/chandrani.ch\/wp-content\/uploads\/2016\/10\/IMG_1797-1.jpg\" alt=\"img_1797\" width=\"709\" height=\"531\" \/>\r\n\t\t\t\t\t\t\t\t\t\t<div class=\"slideshow_description_box slideshow_transparent\">\r\n\t\t\t\t\t\t<div class=\"slideshow_title\">img_1797<\/div>\t\t\t\t\t\t\t\t\t\t\t<\/div>\r\n\t\t\t\t<\/div>\r\n\r\n\t\t\t\t\t\t<div style=\"clear: both;\"><\/div><\/div><div class=\"slideshow_view\">\r\n\t\t\t\t<div class=\"slideshow_slide slideshow_slide_image\">\r\n\t\t\t\t\t\t\t\t\t\t\t<img src=\"https:\/\/chandrani.ch\/wp-content\/uploads\/2016\/10\/IMG_1324-1.jpg\" alt=\"img_1324\" width=\"709\" height=\"533\" \/>\r\n\t\t\t\t\t\t\t\t\t\t<div class=\"slideshow_description_box slideshow_transparent\">\r\n\t\t\t\t\t\t<div class=\"slideshow_title\">img_1324<\/div>\t\t\t\t\t\t\t\t\t\t\t<\/div>\r\n\t\t\t\t<\/div>\r\n\r\n\t\t\t\t\t\t<div style=\"clear: both;\"><\/div><\/div>\r\n\t\t<\/div>\r\n\r\n\t\t<div class=\"slideshow_controlPanel slideshow_transparent\" style=\"display: none;\"><ul><li class=\"slideshow_togglePlay\" data-play-text=\"Abspielen\" data-pause-text=\"Pause\"><\/li><\/ul><\/div>\r\n\r\n\t\t<div class=\"slideshow_button slideshow_previous slideshow_transparent\" role=\"button\" data-previous-text=\"Zur\u00fcck\" style=\"display: none;\"><\/div>\r\n\t\t<div class=\"slideshow_button slideshow_next slideshow_transparent\" role=\"button\" data-next-text=\"N\u00e4chstes\" style=\"display: none;\"><\/div>\r\n\r\n\t\t<div class=\"slideshow_pagination\" style=\"display: none;\" data-go-to-text=\"Gehe zum Bild\"><div class=\"slideshow_pagination_center\"><\/div><\/div>\r\n\r\n\t\t<!-- WordPress Slideshow Version 2.3.1 -->\r\n\r\n\t\t\t<\/div>\r\n\r\n<\/td>\n<\/tr>\n<\/tbody>\n<\/table>\n","protected":false},"excerpt":{"rendered":"<p>\u00b0\u00b0\u00b0\u00b0\u00b0\u00b0\u00b0\u00b0\u00b0\u00b0\u00b0\u00b0\u00b0\u00b0\u00b0\u00b0\u00b0\u00b0\u00b0 die mama baby kurse werden neu von rahel barnetta angeboten 079 465 45 07 www.achtsames-lernsofa.ch \u00b0\u00b0\u00b0\u00b0\u00b0\u00b0\u00b0\u00b0\u00b0\u00b0\u00b0\u00b0\u00b0\u00b0\u00b0\u00b0\u00b0\u00b0\u00b0\u00b0 privatlektionen einzelunterichtstunden sind f\u00fcr diejenigen die gerne zuhause \u00fcben m\u00f6chten. auf wunsch stelle ich ein individuelles \u00fcbungsprogramm zusammen, z.b. f\u00fcr mehr beweglichkeit, zur st\u00e4rkung des r\u00fcckens, zur entspannung der schultern&#8230; die privatlektionen finden in der region rehetobel, trogen [&hellip;]<\/p>\n","protected":false},"author":1,"featured_media":0,"parent":0,"menu_order":0,"comment_status":"closed","ping_status":"closed","template":"","meta":[],"_links":{"self":[{"href":"https:\/\/chandrani.ch\/index.php?rest_route=\/wp\/v2\/pages\/25"}],"collection":[{"href":"https:\/\/chandrani.ch\/index.php?rest_route=\/wp\/v2\/pages"}],"about":[{"href":"https:\/\/chandrani.ch\/index.php?rest_route=\/wp\/v2\/types\/page"}],"author":[{"embeddable":true,"href":"https:\/\/chandrani.ch\/index.php?rest_route=\/wp\/v2\/users\/1"}],"replies":[{"embeddable":true,"href":"https:\/\/chandrani.ch\/index.php?rest_route=%2Fwp%2Fv2%2Fcomments&post=25"}],"version-history":[{"count":133,"href":"https:\/\/chandrani.ch\/index.php?rest_route=\/wp\/v2\/pages\/25\/revisions"}],"predecessor-version":[{"id":626,"href":"https:\/\/chandrani.ch\/index.php?rest_route=\/wp\/v2\/pages\/25\/revisions\/626"}],"wp:attachment":[{"href":"https:\/\/chandrani.ch\/index.php?rest_route=%2Fwp%2Fv2%2Fmedia&parent=25"}],"curies":[{"name":"wp","href":"https:\/\/api.w.org\/{rel}","templated":true}]}}