{"id":4,"date":"2016-10-17T08:17:46","date_gmt":"2016-10-17T06:17:46","guid":{"rendered":"https:\/\/chandrani.ch\/?page_id=4"},"modified":"2022-05-03T16:52:15","modified_gmt":"2022-05-03T14:52:15","slug":"home","status":"publish","type":"page","link":"https:\/\/chandrani.ch\/","title":{"rendered":"Home"},"content":{"rendered":"<h4><\/h4>\n<h4><\/h4>\n<h3><span style=\"color: #993366;\">luna yoga\u00ae<\/span><\/h3>\n<blockquote><p>besteht aus einer bunten vielfalt an sp\u00fcr- und dehn\u00fcbungen, kraftvollen luna yoga\u00ae t\u00e4nzen,<\/p>\n<p>atem\u00fcbungen und meditation.<\/p>\n<p>luna yoga\u00ae st\u00e4rkt das k\u00f6rperbewusstsein, wirkt harmonisierend auf das hormonsystem,<\/p>\n<p>unterst\u00fctzt eine tiefe regeneration der beckenorgane,<\/p>\n<p>vitalisiert \u00a0den gesamten organismus und steigert das eigene wohlbefinden.<\/p>\n<p>luna yoga\u00ae ist auch f\u00fcr schwangere frauen, sowie als\u00a0r\u00fcckbildung nach der geburt<\/p>\n<p>und f\u00fcr frauen in den wechseljahren und sehr gut geeignet.<\/p><\/blockquote>\n<h3><span style=\"color: #993366;\">svara samhita yoga<\/span><\/h3>\n<blockquote><p>svara samhita yoga \u00fcbungen werden unter dem<\/p>\n<p>fokus der vitalen lebenskr\u00e4fte wie atem, gravitationskraft<\/p>\n<p>thematisiert, praktiziert und erlebt.<\/p>\n<p>die wahrnehmung\u00a0der weite und des raumes und unserer um-welt wird<\/p>\n<p>gest\u00e4rkt und vertieft.<\/p><\/blockquote>\n","protected":false},"excerpt":{"rendered":"<p>luna yoga\u00ae besteht aus einer bunten vielfalt an sp\u00fcr- und dehn\u00fcbungen, kraftvollen luna yoga\u00ae t\u00e4nzen, atem\u00fcbungen und meditation. luna yoga\u00ae st\u00e4rkt das k\u00f6rperbewusstsein, wirkt harmonisierend auf das hormonsystem, unterst\u00fctzt eine tiefe regeneration der beckenorgane, vitalisiert \u00a0den gesamten organismus und steigert das eigene wohlbefinden. luna yoga\u00ae ist auch f\u00fcr schwangere frauen, sowie als\u00a0r\u00fcckbildung nach der geburt [&hellip;]<\/p>\n","protected":false},"author":1,"featured_media":0,"parent":0,"menu_order":0,"comment_status":"closed","ping_status":"closed","template":"","meta":[],"_links":{"self":[{"href":"https:\/\/chandrani.ch\/index.php?rest_route=\/wp\/v2\/pages\/4"}],"collection":[{"href":"https:\/\/chandrani.ch\/index.php?rest_route=\/wp\/v2\/pages"}],"about":[{"href":"https:\/\/chandrani.ch\/index.php?rest_route=\/wp\/v2\/types\/page"}],"author":[{"embeddable":true,"href":"https:\/\/chandrani.ch\/index.php?rest_route=\/wp\/v2\/users\/1"}],"replies":[{"embeddable":true,"href":"https:\/\/chandrani.ch\/index.php?rest_route=%2Fwp%2Fv2%2Fcomments&post=4"}],"version-history":[{"count":16,"href":"https:\/\/chandrani.ch\/index.php?rest_route=\/wp\/v2\/pages\/4\/revisions"}],"predecessor-version":[{"id":532,"href":"https:\/\/chandrani.ch\/index.php?rest_route=\/wp\/v2\/pages\/4\/revisions\/532"}],"wp:attachment":[{"href":"https:\/\/chandrani.ch\/index.php?rest_route=%2Fwp%2Fv2%2Fmedia&parent=4"}],"curies":[{"name":"wp","href":"https:\/\/api.w.org\/{rel}","templated":true}]}}