{"id":6,"date":"2016-10-17T08:18:01","date_gmt":"2016-10-17T06:18:01","guid":{"rendered":"https:\/\/chandrani.ch\/?page_id=6"},"modified":"2026-03-26T13:24:51","modified_gmt":"2026-03-26T12:24:51","slug":"stundenplan","status":"publish","type":"page","link":"https:\/\/chandrani.ch\/?page_id=6","title":{"rendered":"Yoga Kurse"},"content":{"rendered":"<h3><span style=\"color: #993366;\">yoga stundenplan<\/span><\/h3>\n<table class=\"alignleft\" style=\"height: 1094px;\" border=\"1.5\" width=\"1023\">\n<tbody>\n<tr>\n<td>\n<h4>montag<\/h4>\n<\/td>\n<td>\n<h4>mittwoch<\/h4>\n<\/td>\n<td>\n<h4>donnerstag<\/h4>\n<\/td>\n<td>\n<h4>\u00a0<\/h4>\n<\/td>\n<\/tr>\n<tr>\n<td>\n<h4>10.45 &#8211; 11.45 \u00a0<\/h4>\n<p>luna yoga\u00ae svara samhita yoga <br \/>seniorenyoga<\/p>\n<p>auf und am Stuhl<br \/>f\u00fcr die rheumaliga thurgau<\/p>\n<p>musikschule arbon kulturzentrum Presswerk<br \/><a href=\"http:\/\/www.musikschule-arbon.ch\/de\/kontakt-14\">hamelstrasse 15, 9320 arbon<\/a><\/p>\n<p><a href=\"https:\/\/www.rheumaliga.ch\/tg\/kurs\/luna-yoga\">rheumaliga thurgau<\/a><\/p>\n<p>\u00a0<\/p>\n<\/td>\n<td>\u00a0<\/td>\n<td>\u00a0<\/td>\n<td>\u00a0<\/td>\n<\/tr>\n<tr>\n<td>\n<h4>12.15 &#8211; 13.30<\/h4>\n<p>luna yoga\u00ae svara samhita yoga \u00fcber mittag<br \/>f\u00fcr die rheumaliga thurgau<\/p>\n<p>musikschule arbon kulturzentrum Presswerk<br \/><a href=\"http:\/\/www.musikschule-arbon.ch\/de\/kontakt-14\">hamelstrasse 15, 9320 arbon<\/a><\/p>\n<p><a href=\"https:\/\/www.rheumaliga.ch\/tg\/kurs\/luna-yoga\">rheumaliga thurgau<\/a><\/p>\n<\/td>\n<td>\u00a0<\/td>\n<td>\n<h4>\u00a0<\/h4>\n<\/td>\n<td>\u00a0<\/td>\n<\/tr>\n<tr>\n<td>\n<h4>15.30 &#8211; 16.45<\/h4>\n<p>luna yoga\u00ae svara samhita yoga f\u00fcr menschen mit schmerzen<br \/>f\u00fcr die rheumaliga thurgau<\/p>\n<p>ref. kirchgemeindehaus romanshorn<br \/><a href=\"https:\/\/www.google.ch\/maps\/place\/Bahnhofstrasse+44,+8590+Romanshorn\/@47.565148,9.3683334,17z\/data=!3m1!4b1!4m5!3m4!1s0x479afd6c391bbb0f:0xe776832afff77d2!8m2!3d47.5651444!4d9.3705221\">bahnhofstrasse 44, 8590 romanshorn<\/a><\/p>\n<p><a href=\"https:\/\/www.rheumaliga.ch\/tg\/kurs\/luna-yoga\">rheumaliga thurgau<\/a><\/p>\n<\/td>\n<td>\n<h4>15.30 &#8211; 16.45<\/h4>\n<p>luna yoga\u00ae svara samhita yoga<br \/>f\u00fcr menschen mit schmerzen<br \/>f\u00fcr die rheumaliga st.gallen<\/p>\n<p>evang. Kirchgemeindehaus <br \/>gutenbergstrasse 1a<br \/>9436 heerbrugg<\/p>\n<p>rheumaliga st.gallen<\/p>\n<\/td>\n<td>\n<h4>15.45 &#8211; 17.00<\/h4>\n<p>luna yoga\u00ae svara samhita yoga f\u00fcr menschen mit schmerzen<\/p>\n<p>essenzyoga<\/p>\n<p>lindentalstrasse 10<br \/>9000\u00a0st. gallen<\/p>\n<p>\u00a0<\/p>\n<\/td>\n<td>\u00a0<\/td>\n<\/tr>\n<tr>\n<td>\n<h4>17.30 &#8211; 18.45<\/h4>\n<p>luna yoga\u00ae svara samhita yoga f\u00fcr alle<\/p>\n<p>ref. kirchgemeindehaus romanshorn<br \/><a href=\"https:\/\/www.google.ch\/maps\/place\/Bahnhofstrasse+44,+8590+Romanshorn\/@47.565148,9.3683334,17z\/data=!3m1!4b1!4m5!3m4!1s0x479afd6c391bbb0f:0xe776832afff77d2!8m2!3d47.5651444!4d9.3705221\">bahnhofstrasse 44, 8590 romanshorn<\/a><\/p>\n<p>\u00a0<\/p>\n<\/td>\n<td>\n<h4>17.10 &#8211; 18.25<\/h4>\n<p>luna yoga\u00ae svara samhita yoga f\u00fcr menschen mit schmerzen<\/p>\n<p>f\u00fcr die rheumaliga\u00a0st.gallen<\/p>\n<p>evang. Kirchgemeindehaus <br \/>gutenbergstrasse 1a<br \/>9436 heerbrugg<\/p>\n<p>rheumaliga st.gallen<\/p>\n<\/td>\n<td>\n<h4>17.30 &#8211; 19.00<\/h4>\n<p>luna yoga\u00ae svara samhita<br \/>yoga f\u00fcr alle<\/p>\n<p>essenzyoga<br \/>lindentalstrasse 10<br \/>9000\u00a0st. gallen<\/p>\n<p>\u00a0<\/p>\n<\/td>\n<td>\u00a0<\/td>\n<\/tr>\n<\/tbody>\n<\/table>\n<h3>\u00a0<\/h3>\n<h3><span style=\"color: #993366;\">beschreibung des kursinhaltes<\/span><\/h3>\n<table style=\"height: 525px; width: 1028px;\" width=\"1154\" cellpadding=\"0\">\n<tbody>\n<tr>\n<td>\n<h4><span style=\"color: #de5086;\">luna yoga\u00ae svara samhita yoga<br \/><\/span><span style=\"color: #de5086;\">f\u00fcr menschen mit schmerzen<\/span><\/h4>\n<\/td>\n<td>\n<h4 style=\"text-align: left;\"><span style=\"color: #de5086;\">luna yoga\u00ae svara samhita yoga<\/span><\/h4>\n<\/td>\n<td>\n<h4 style=\"text-align: left;\"><span style=\"color: #de5086;\">luna yoga\u00ae svara samhita yoga<\/span><br \/><span style=\"color: #de5086;\">yoga auf und am stuhl<\/span><\/h4>\n<\/td>\n<\/tr>\n<tr>\n<td style=\"vertical-align: top; width: 283px;\">\n<h5><span style=\"color: #000000;\">sanftes yoga f\u00fcr menschen mit <br \/>chronischen schmerzen,\u00a0rheuma, <br \/>arthritis, knie-, schulter- und r\u00fcckenbeschwerden. instabile gelenke <br \/>und die wirbels\u00e4ule k\u00f6nnen mit luna\u00ae <br \/>yoga svara samhita yoga gest\u00e4rkt und allgemeine schmerzen\u00a0gelindert werden. <\/span><\/h5>\n<h5><span style=\"color: #000000;\">der gesamte K\u00f6rper wird unterst\u00fctzt <br \/>durch loslassen und verarbeiten von <br \/>stress, regelm\u00e4ssiges, bewusstes atmen und entspannen. die leichten, fliessenden yoga\u00fcbungen\u00a0sind einfach\u00a0zu erlernen <br \/>und werden den teilnehmern\u00a0angepasst, <br \/>je nach tagesform und befindlichkeit.<\/span><\/h5>\n<\/td>\n<td style=\"vertical-align: top; width: 283px;\">\n<h5><span style=\"color: #000000;\">die luna yoga\u00ae und svara samhita \u00fcbungen\u00a0werden unter dem fokus der vitalen lebenskr\u00e4fte\u00a0thematisiert und praktiziert. dabei ist es wichtig, die <br \/>vitalen lebenskr\u00e4fte wie beispielsweise\u00a0<br \/>die gravitationskraft und den atem in <br \/>den \u00fcbungen bewusst\u00a0zu erleben. die wahrnehmung der weite des raumes und\u00a0der umwelt wird gest\u00e4rkt und <br \/>vertieft. achtsamkeit, beweglichkeit\u00a0und k\u00f6rperbewusstsein werden gef\u00f6rdert.<\/span><\/h5>\n<h5><span style=\"color: #000000;\">geeignet auch f\u00fcr frauen in den wechseljahren, schwangere frauen <br \/>oder als r\u00fcckbildung\u00a0nach der geburt. <br \/>der kurs wird ein neues k\u00f6rpergef\u00fchl vermitteln.<\/span><\/h5>\n<\/td>\n<td style=\"vertical-align: top; width: 283px;\">\n<h5><span style=\"color: #000000;\">auch im h\u00f6heren alter mit oder ohne beeintr\u00e4chtigung ist luna yoga<sup>\u00ae<\/sup>ein weg <\/span><br \/><span style=\"color: #000000;\">zu ganzheitlicher gesundheit und wohlbefinden. sanfte Yoga\u00fcbungen auf<\/span><br \/><span style=\"color: #000000;\">dem stuhl dehnen und kr\u00e4ftigen den <\/span><br \/><span style=\"color: #000000;\">k\u00f6rper.<\/span><br \/><span style=\"color: #000000;\">im luna yoga<sup>\u00ae<\/sup>gibt es eine vielfalt von bewegungen und haltungen die kraft <\/span><br \/><span style=\"color: #000000;\">und geschmeidigkeit verbessern, konzentration, gleichgewicht und die koordination f\u00f6rdern. das sind wichtige faktoren f\u00fcr die sturzpr\u00e4vention und <\/span><br \/><span style=\"color: #000000;\">helfen den alltag besser zu bew\u00e4ltigen.<\/span><br \/><span style=\"color: #000000;\">die atem\u00fcbungen haben eine positive wirkung auf den kreislauf, das herz <\/span><br \/><span style=\"color: #000000;\">sowie alle anderen lebenswichtigen <\/span><br \/><span style=\"color: #000000;\">organe. sie schenken mehr geistige wachheit und lebensfreude.<\/span><\/h5>\n<h5><span style=\"color: #000000;\">k\u00f6rper, geist und seele kommen somit <\/span><br \/><span style=\"color: #000000;\">zur ruhe. freue dich auf eine abwechslungsreiche stunde in einem angenehmen ambiente.<\/span><\/h5>\n<\/td>\n<\/tr>\n<\/tbody>\n<\/table>\n<table style=\"height: 113px; width: 1028px;\" width=\"1154\" cellpadding=\"0\">\n<tbody>\n<tr>\n<td>\u00a0<\/td>\n<td>\n<h4 style=\"text-align: left;\">\u00a0<\/h4>\n<\/td>\n<td>\n<h4 style=\"text-align: left;\">\u00a0<\/h4>\n<\/td>\n<\/tr>\n<tr>\n<td style=\"vertical-align: top; width: 283px;\">\u00a0<\/td>\n<td style=\"vertical-align: top; width: 283px;\">\u00a0<\/td>\n<td style=\"vertical-align: top; width: 283px;\">\u00a0<\/td>\n<\/tr>\n<\/tbody>\n<\/table>\n<h3><span style=\"color: #993366;\">preise<\/span><\/h3>\n<p>lektionen \u00e0 75\/90 min. 10er abo, 4 monate g\u00fcltig \u00a0280 fr<\/p>\n<p>einzellektionen \u00e0 75\/90 min. 32 fr<\/p>\n<p>probelektion gratis<\/p>\n<p>privatlektionen 100\u00a0fr (1 person), 150 fr (2 personen)<\/p>\n\n\n<p><\/p>\n","protected":false},"excerpt":{"rendered":"<p>yoga stundenplan montag mittwoch donnerstag \u00a0 10.45 &#8211; 11.45 \u00a0 luna yoga\u00ae svara samhita yoga seniorenyoga auf und am Stuhlf\u00fcr die rheumaliga thurgau musikschule arbon kulturzentrum Presswerkhamelstrasse 15, 9320 arbon rheumaliga thurgau \u00a0 \u00a0 \u00a0 \u00a0 12.15 &#8211; 13.30 luna yoga\u00ae svara samhita yoga \u00fcber mittagf\u00fcr die rheumaliga thurgau musikschule arbon kulturzentrum Presswerkhamelstrasse 15, 9320 [&hellip;]<\/p>\n","protected":false},"author":1,"featured_media":0,"parent":0,"menu_order":0,"comment_status":"closed","ping_status":"closed","template":"","meta":[],"_links":{"self":[{"href":"https:\/\/chandrani.ch\/index.php?rest_route=\/wp\/v2\/pages\/6"}],"collection":[{"href":"https:\/\/chandrani.ch\/index.php?rest_route=\/wp\/v2\/pages"}],"about":[{"href":"https:\/\/chandrani.ch\/index.php?rest_route=\/wp\/v2\/types\/page"}],"author":[{"embeddable":true,"href":"https:\/\/chandrani.ch\/index.php?rest_route=\/wp\/v2\/users\/1"}],"replies":[{"embeddable":true,"href":"https:\/\/chandrani.ch\/index.php?rest_route=%2Fwp%2Fv2%2Fcomments&post=6"}],"version-history":[{"count":150,"href":"https:\/\/chandrani.ch\/index.php?rest_route=\/wp\/v2\/pages\/6\/revisions"}],"predecessor-version":[{"id":628,"href":"https:\/\/chandrani.ch\/index.php?rest_route=\/wp\/v2\/pages\/6\/revisions\/628"}],"wp:attachment":[{"href":"https:\/\/chandrani.ch\/index.php?rest_route=%2Fwp%2Fv2%2Fmedia&parent=6"}],"curies":[{"name":"wp","href":"https:\/\/api.w.org\/{rel}","templated":true}]}}