{"id":8,"date":"2016-10-17T08:18:19","date_gmt":"2016-10-17T06:18:19","guid":{"rendered":"https:\/\/chandrani.ch\/?page_id=8"},"modified":"2024-12-17T10:21:46","modified_gmt":"2024-12-17T09:21:46","slug":"ueber-mich","status":"publish","type":"page","link":"https:\/\/chandrani.ch\/?page_id=8","title":{"rendered":"\u00dcber mich"},"content":{"rendered":"<h3><span style=\"color: #993366;\">\u00fcber mich<\/span><\/h3>\n<table class=\"uebertable\" width=\"700\">\n<tbody>\n<tr>\n<td>1991 besuchte ich meine ersten yogastunden, bis ich mich 2009<br \/>f\u00fcr eine luna yoga\u00ae lehrerin ausbildung bei <a href=\"https:\/\/luna-yoga.com\">adelheid ohlig<\/a> entschieden habe. luna yoga\u00ae ist eine alte, neu belebte k\u00f6rper- kunst und heilweise mit einfachen \u00fcbungen die den ganzen k\u00f6rper st\u00e4rken und vitalisieren.nach dieser ausbildung, welche vor allem auf das feminine ausgerichtet ist, habe ich 2011 meinen spirituellen lehrer kennengelernt \u2013 LakspatiNath. er unterrichtet svarsamhita yoga, ein yoga nach dem urspr\u00fcnglichen konzept \u2013<br \/>es fokussiert auf die verbindung zum kosmischen bewusstsein und ist ganzheitlich ausgelegt. es integriert die physische dimension (k\u00f6rperliche \u00fcbungen, speziell auf die europ\u00e4ische kultur und mentalit\u00e4t ausgerichtet, um k\u00f6rperliche und mentale blockaden aufzul\u00f6sen) die mentale (lebenseinstellung, psychologische aspekte, mentale- und konzentration- \u00fcbungen, yama niyama) und spirituelle dimension (mediation, dhyana, archana, puje u.v.m.)im verein viva vita \u2013 pro specie umana arbeite ich mit meinen beiden t\u00f6chtern im <a href=\"http:\/\/vivavita.ch\">svarsamhitayogazentrum<\/a> in trogen ar. das haus ist eine oase mitten im gr\u00fcnen. wir bieten dort seminare, workshops, yoga, tanz, wildkr\u00e4utertage und einen kleinen markt mit selbsthergestellten\u00a0spezialit\u00e4ten an.\n<p>\u00a0<\/p>\n<p>seit 2011 unterrichte ich mit freude an verschiedenen orten yoga, u.a. auch als kursleiterin f\u00fcr die rheumaliga.<\/p>\n<p>ich bin mitglied des berufsverbandes der luna yoga\u00ae lehrerinnen\u00a0und vom schweizer yoga verband als yogalehrerin anerkannt.<\/p>\n<p>meine kurse k\u00f6nnen mit der zusatzversicherung \u00fcber die krankenkasse abgerechnet werden.<\/p>\n<\/td>\n<td><img loading=\"lazy\" class=\"alignnone wp-image-609 size-full\" src=\"https:\/\/chandrani.ch\/wp-content\/uploads\/2024\/09\/MG_2357_2be-scaled.jpg\" alt=\"\" width=\"2471\" height=\"2560\" srcset=\"https:\/\/chandrani.ch\/wp-content\/uploads\/2024\/09\/MG_2357_2be-scaled.jpg 2471w, https:\/\/chandrani.ch\/wp-content\/uploads\/2024\/09\/MG_2357_2be-290x300.jpg 290w, https:\/\/chandrani.ch\/wp-content\/uploads\/2024\/09\/MG_2357_2be-988x1024.jpg 988w, https:\/\/chandrani.ch\/wp-content\/uploads\/2024\/09\/MG_2357_2be-768x796.jpg 768w, https:\/\/chandrani.ch\/wp-content\/uploads\/2024\/09\/MG_2357_2be-1483x1536.jpg 1483w, https:\/\/chandrani.ch\/wp-content\/uploads\/2024\/09\/MG_2357_2be-1977x2048.jpg 1977w\" sizes=\"(max-width: 2471px) 100vw, 2471px\" \/><\/td>\n<\/tr>\n<\/tbody>\n<\/table>\n<p><img loading=\"lazy\" class=\"alignnone wp-image-140\" src=\"https:\/\/chandrani.ch\/wp-content\/uploads\/2016\/10\/header.png\" alt=\"header\" width=\"123\" height=\"123\" srcset=\"https:\/\/chandrani.ch\/wp-content\/uploads\/2016\/10\/header.png 180w, https:\/\/chandrani.ch\/wp-content\/uploads\/2016\/10\/header-150x150.png 150w\" sizes=\"(max-width: 123px) 100vw, 123px\" \/>\u00a0 \u00a0 \u00a0 \u00a0 \u00a0 \u00a0 \u00a0 \u00a0 \u00a0 \u00a0 \u00a0 \u00a0<img loading=\"lazy\" class=\"alignnone wp-image-141\" src=\"https:\/\/chandrani.ch\/wp-content\/uploads\/2016\/10\/logo_verband.png\" alt=\"logo_verband\" width=\"160\" height=\"129\" \/><\/p>\n\n\n<p><\/p>\n","protected":false},"excerpt":{"rendered":"<p>\u00fcber mich 1991 besuchte ich meine ersten yogastunden, bis ich mich 2009f\u00fcr eine luna yoga\u00ae lehrerin ausbildung bei adelheid ohlig entschieden habe. luna yoga\u00ae ist eine alte, neu belebte k\u00f6rper- kunst und heilweise mit einfachen \u00fcbungen die den ganzen k\u00f6rper st\u00e4rken und vitalisieren.nach dieser ausbildung, welche vor allem auf das feminine ausgerichtet ist, habe ich [&hellip;]<\/p>\n","protected":false},"author":1,"featured_media":0,"parent":25,"menu_order":0,"comment_status":"closed","ping_status":"closed","template":"","meta":[],"_links":{"self":[{"href":"https:\/\/chandrani.ch\/index.php?rest_route=\/wp\/v2\/pages\/8"}],"collection":[{"href":"https:\/\/chandrani.ch\/index.php?rest_route=\/wp\/v2\/pages"}],"about":[{"href":"https:\/\/chandrani.ch\/index.php?rest_route=\/wp\/v2\/types\/page"}],"author":[{"embeddable":true,"href":"https:\/\/chandrani.ch\/index.php?rest_route=\/wp\/v2\/users\/1"}],"replies":[{"embeddable":true,"href":"https:\/\/chandrani.ch\/index.php?rest_route=%2Fwp%2Fv2%2Fcomments&post=8"}],"version-history":[{"count":56,"href":"https:\/\/chandrani.ch\/index.php?rest_route=\/wp\/v2\/pages\/8\/revisions"}],"predecessor-version":[{"id":625,"href":"https:\/\/chandrani.ch\/index.php?rest_route=\/wp\/v2\/pages\/8\/revisions\/625"}],"up":[{"embeddable":true,"href":"https:\/\/chandrani.ch\/index.php?rest_route=\/wp\/v2\/pages\/25"}],"wp:attachment":[{"href":"https:\/\/chandrani.ch\/index.php?rest_route=%2Fwp%2Fv2%2Fmedia&parent=8"}],"curies":[{"name":"wp","href":"https:\/\/api.w.org\/{rel}","templated":true}]}}